{"id":3436,"date":"2026-03-16T01:31:20","date_gmt":"2026-03-16T00:31:20","guid":{"rendered":"https:\/\/www.seclab-security.com\/?page_id=3436"},"modified":"2026-04-03T15:31:27","modified_gmt":"2026-04-03T13:31:27","slug":"careers-join-seclab","status":"publish","type":"page","link":"https:\/\/www.seclab-security.com\/en\/careers-join-seclab\/","title":{"rendered":"Careers"},"content":{"rendered":"<p><div class=\"fusion-fullwidth fullwidth-box fusion-builder-row-1 fusion-flex-container has-pattern-background has-mask-background fusion-parallax-none nonhundred-percent-fullwidth hundred-percent-height hundred-percent-height-center-content non-hundred-percent-height-scrolling\" style=\"--awb-border-radius-top-left:0px;--awb-border-radius-top-right:0px;--awb-border-radius-bottom-right:0px;--awb-border-radius-bottom-left:0px;--awb-background-image:url(&quot;http:\/\/www.seclab-security.com\/wp-content\/uploads\/2026\/03\/f4a6f9ed3dc6ee9a2a84acfb26eda4704663b7b2-scaled.jpg&quot;);--awb-background-size:cover;--awb-flex-wrap:wrap;\" ><div class=\"fusion-builder-row fusion-row fusion-flex-align-items-flex-start fusion-flex-content-wrap\" style=\"max-width:1289.6px;margin-left: calc(-4% \/ 2 );margin-right: calc(-4% \/ 2 );\"><div class=\"fusion-layout-column fusion_builder_column fusion-builder-column-0 fusion_builder_column_1_2 1_2 fusion-flex-column fusion-flex-align-self-center\" style=\"--awb-bg-size:cover;--awb-width-large:50%;--awb-margin-top-large:0px;--awb-spacing-right-large:3.84%;--awb-margin-bottom-large:20px;--awb-spacing-left-large:3.84%;--awb-width-medium:50%;--awb-order-medium:0;--awb-spacing-right-medium:3.84%;--awb-spacing-left-medium:3.84%;--awb-width-small:100%;--awb-order-small:0;--awb-spacing-right-small:1.92%;--awb-spacing-left-small:1.92%;\" data-scroll-devices=\"small-visibility,medium-visibility,large-visibility\"><div class=\"fusion-column-wrapper fusion-column-has-shadow fusion-flex-justify-content-center fusion-content-layout-column\"><div class=\"fusion-text fusion-text-1\"><h1 style=\"text-align: left;\"><span style=\"color: #ffffff;\">Join the Seclab Team.<\/span><\/h1>\n<p><span style=\"color: #ffffff;\">Whether you\u2019re looking for an internship, a work-study program, or a full-time position, send us your application.<\/span><\/p>\n<\/div><div style=\"text-align:left;\"><a class=\"fusion-button button-flat fusion-button-default-size button-custom fusion-button-default button-1 fusion-button-default-span fusion-button-default-type\" style=\"--button_accent_color:var(--awb-color1);--button_accent_hover_color:var(--awb-color4);--button_border_hover_color:var(--awb-color1);--button_border_width-top:2px;--button_border_width-right:2px;--button_border_width-bottom:2px;--button_border_width-left:2px;--button-border-radius-top-left:0;--button-border-radius-top-right:0;--button-border-radius-bottom-right:0;--button-border-radius-bottom-left:0;--button_gradient_top_color:rgba(255,255,255,0);--button_gradient_bottom_color:rgba(255,255,255,0);--button_gradient_top_color_hover:rgba(175,175,175,0);--button_gradient_bottom_color_hover:rgba(175,175,175,0);--button_font_size:24px;--button_padding-top:10px;--button_padding-right:50px;--button_padding-bottom:10px;--button_padding-left:50px;--button_typography-font-family:&quot;TT Firs Neue Trial Var Roman&quot;;--button_typography-font-style:normal;--button_typography-font-weight:400;--button_margin-top:25px;\" target=\"_self\" href=\"mailto:contact@seclab-security.com\"><span class=\"fusion-button-text awb-button__text awb-button__text--default\">Apply<\/span><\/a><\/div><\/div><\/div><div class=\"fusion-layout-column fusion_builder_column fusion-builder-column-1 fusion_builder_column_1_2 1_2 fusion-flex-column fusion-flex-align-self-flex-start\" style=\"--awb-padding-top:50px;--awb-bg-size:cover;--awb-width-large:50%;--awb-margin-top-large:0px;--awb-spacing-right-large:3.84%;--awb-margin-bottom-large:20px;--awb-spacing-left-large:3.84%;--awb-width-medium:50%;--awb-order-medium:0;--awb-spacing-right-medium:3.84%;--awb-spacing-left-medium:3.84%;--awb-width-small:100%;--awb-order-small:0;--awb-spacing-right-small:1.92%;--awb-spacing-left-small:1.92%;\" data-scroll-devices=\"small-visibility,medium-visibility,large-visibility\"><div class=\"fusion-column-wrapper fusion-column-has-shadow fusion-flex-justify-content-flex-start fusion-content-layout-column\"><div class=\"fusion-title title fusion-title-1 fusion-sep-none fusion-title-text fusion-title-size-three\" style=\"--awb-text-color:var(--awb-color4);--awb-margin-top-small:10px;--awb-margin-right-small:0px;--awb-margin-bottom-small:10px;--awb-margin-left-small:0px;--awb-font-size:44px;\"><h3 class=\"fusion-title-heading title-heading-right\" style=\"margin:0;font-size:1em;\"><h2 style=\"text-align: right;\">Careers<\/h2><\/h3><\/div><\/div><\/div><\/div><\/div><div class=\"fusion-fullwidth fullwidth-box fusion-builder-row-2 fusion-flex-container has-pattern-background has-mask-background nonhundred-percent-fullwidth non-hundred-percent-height-scrolling\" style=\"--awb-border-radius-top-left:0px;--awb-border-radius-top-right:0px;--awb-border-radius-bottom-right:0px;--awb-border-radius-bottom-left:0px;--awb-padding-top:0px;--awb-padding-bottom:0px;--awb-margin-top:0px;--awb-margin-bottom:0px;--awb-min-height:800px;--awb-background-color:var(--awb-color3);--awb-flex-wrap:wrap;\" ><div class=\"fusion-builder-row fusion-row fusion-flex-align-items-center fusion-flex-align-content-center fusion-flex-content-wrap\" style=\"max-width:1289.6px;margin-left: calc(-4% \/ 2 );margin-right: calc(-4% \/ 2 );\"><div class=\"fusion-layout-column fusion_builder_column fusion-builder-column-2 fusion_builder_column_1_2 1_2 fusion-flex-column fusion-flex-align-self-center\" style=\"--awb-padding-bottom-small:100px;--awb-bg-size:cover;--awb-width-large:50%;--awb-margin-top-large:0px;--awb-spacing-right-large:3.84%;--awb-margin-bottom-large:20px;--awb-spacing-left-large:3.84%;--awb-width-medium:50%;--awb-order-medium:0;--awb-spacing-right-medium:3.84%;--awb-spacing-left-medium:3.84%;--awb-width-small:100%;--awb-order-small:0;--awb-spacing-right-small:1.92%;--awb-spacing-left-small:1.92%;\" data-scroll-devices=\"small-visibility,medium-visibility,large-visibility\"><div class=\"fusion-column-wrapper fusion-column-has-shadow fusion-flex-justify-content-center fusion-content-layout-column\"><div class=\"fusion-image-element \" style=\"--awb-caption-title-font-family:var(--h2_typography-font-family);--awb-caption-title-font-weight:var(--h2_typography-font-weight);--awb-caption-title-font-style:var(--h2_typography-font-style);--awb-caption-title-size:var(--h2_typography-font-size);--awb-caption-title-transform:var(--h2_typography-text-transform);--awb-caption-title-line-height:var(--h2_typography-line-height);--awb-caption-title-letter-spacing:var(--h2_typography-letter-spacing);\"><span class=\" fusion-imageframe imageframe-none imageframe-1 hover-type-none\"><a class=\"fusion-no-lightbox\" href=\"https:\/\/www.seclab-security.com\/cas-dusages\/\" target=\"_self\" aria-label=\"Equipe Seclab 14.01.26\"><img decoding=\"async\" width=\"1600\" height=\"1000\" alt=\"Team Secab \u00e9v\u00e9nement \u00e0 propos \" src=\"https:\/\/www.seclab-security.com\/wp-content\/uploads\/2026\/03\/Equipe-Seclab-14.01.26.jpg\" class=\"img-responsive wp-image-2789\" srcset=\"https:\/\/www.seclab-security.com\/wp-content\/uploads\/2026\/03\/Equipe-Seclab-14.01.26-200x125.jpg 200w, https:\/\/www.seclab-security.com\/wp-content\/uploads\/2026\/03\/Equipe-Seclab-14.01.26-400x250.jpg 400w, https:\/\/www.seclab-security.com\/wp-content\/uploads\/2026\/03\/Equipe-Seclab-14.01.26-600x375.jpg 600w, https:\/\/www.seclab-security.com\/wp-content\/uploads\/2026\/03\/Equipe-Seclab-14.01.26-800x500.jpg 800w, https:\/\/www.seclab-security.com\/wp-content\/uploads\/2026\/03\/Equipe-Seclab-14.01.26-1200x750.jpg 1200w, https:\/\/www.seclab-security.com\/wp-content\/uploads\/2026\/03\/Equipe-Seclab-14.01.26.jpg 1600w\" sizes=\"(max-width: 640px) 100vw, 600px\" \/><\/a><\/span><\/div><\/div><\/div><div class=\"fusion-layout-column fusion_builder_column fusion-builder-column-3 fusion_builder_column_1_2 1_2 fusion-flex-column fusion-flex-align-self-center\" style=\"--awb-padding-left:26px;--awb-padding-top-small:100px;--awb-padding-bottom-small:100px;--awb-bg-size:cover;--awb-width-large:50%;--awb-margin-top-large:0px;--awb-spacing-right-large:3.84%;--awb-margin-bottom-large:20px;--awb-spacing-left-large:10.176%;--awb-width-medium:50%;--awb-order-medium:0;--awb-spacing-right-medium:3.84%;--awb-spacing-left-medium:10.176%;--awb-width-small:100%;--awb-order-small:0;--awb-spacing-right-small:1.92%;--awb-spacing-left-small:1.92%;\" data-scroll-devices=\"small-visibility,medium-visibility,large-visibility\"><div class=\"fusion-column-wrapper fusion-column-has-shadow fusion-flex-justify-content-center fusion-content-layout-column\"><div class=\"fusion-title title fusion-title-2 fusion-sep-none fusion-title-text fusion-title-size-two\" style=\"--awb-text-color:var(--awb-color2);--awb-margin-bottom:50px;--awb-margin-top-small:10px;--awb-margin-right-small:0px;--awb-margin-bottom-small:10px;--awb-margin-left-small:0px;--awb-font-size:44px;\"><h2 class=\"fusion-title-heading title-heading-left\" style=\"font-family:&quot;TT Firs Neue Trial Var Roman&quot;;font-style:normal;font-weight:400;margin:0;font-size:1em;\">About Seclab<\/h2><\/div><div class=\"fusion-text fusion-text-2\" style=\"--awb-content-alignment:left;--awb-font-size:20px;--awb-text-color:var(--awb-color2);\"><p><span data-ccp-props=\"{\">Learn more about who we are and our ambition to become a leader in OT cybersecurity.<\/span><\/p>\n<\/div><div style=\"text-align:left;\"><a class=\"fusion-button button-flat fusion-button-default-size button-custom fusion-button-default button-2 fusion-button-default-span fusion-button-default-type\" style=\"--button_accent_color:var(--awb-color2);--button_border_color:var(--awb-color2);--button_accent_hover_color:var(--awb-color4);--button_border_hover_color:var(--awb-color2);--button_border_width-top:2px;--button_border_width-right:2px;--button_border_width-bottom:2px;--button_border_width-left:2px;--button-border-radius-top-left:0;--button-border-radius-top-right:0;--button-border-radius-bottom-right:0;--button-border-radius-bottom-left:0;--button_gradient_top_color:rgba(255,255,255,0);--button_gradient_bottom_color:rgba(255,255,255,0);--button_gradient_top_color_hover:rgba(0,0,0,0);--button_gradient_bottom_color_hover:rgba(0,0,0,0);--button_font_size:24px;--button_padding-top:10px;--button_padding-right:50px;--button_padding-bottom:10px;--button_padding-left:50px;--button_typography-font-family:&quot;TT Firs Neue Trial Var Roman&quot;;--button_typography-font-style:normal;--button_typography-font-weight:400;--button_margin-top:25px;\" target=\"_self\" href=\"https:\/\/www.seclab-security.com\/en\/cybersecurity-ot-seclab\"><span class=\"fusion-button-text awb-button__text awb-button__text--default\">Learn more<\/span><\/a><\/div><\/div><\/div><\/div><\/div><\/p>\n","protected":false},"excerpt":{"rendered":"","protected":false},"author":4,"featured_media":0,"parent":0,"menu_order":18,"comment_status":"closed","ping_status":"closed","template":"100-width.php","meta":{"footnotes":""},"class_list":["post-3436","page","type-page","status-publish","hentry"],"yoast_head":"<!-- This site is optimized with the Yoast SEO plugin v27.2 - https:\/\/yoast.com\/product\/yoast-seo-wordpress\/ -->\n<title>Seclab: Expert in OT Cybersecurity and Industrial Cyber Resilience<\/title>\n<meta name=\"description\" content=\"OT Cybersecurity: Seclab protects industrial systems and strengthens the cyber resilience of critical infrastructure.\" \/>\n<meta name=\"robots\" content=\"index, follow, max-snippet:-1, max-image-preview:large, max-video-preview:-1\" \/>\n<link rel=\"canonical\" href=\"https:\/\/www.seclab-security.com\/en\/careers-join-seclab\/\" \/>\n<meta property=\"og:locale\" content=\"en_US\" \/>\n<meta property=\"og:type\" content=\"article\" \/>\n<meta property=\"og:title\" content=\"Seclab: Expert in OT Cybersecurity and Industrial Cyber Resilience\" \/>\n<meta property=\"og:description\" content=\"OT Cybersecurity: Seclab protects industrial systems and strengthens the cyber resilience of critical infrastructure.\" \/>\n<meta property=\"og:url\" content=\"https:\/\/www.seclab-security.com\/en\/careers-join-seclab\/\" \/>\n<meta property=\"og:site_name\" content=\"Seclab Security\" \/>\n<meta property=\"article:modified_time\" content=\"2026-04-03T13:31:27+00:00\" \/>\n<meta name=\"twitter:card\" content=\"summary_large_image\" \/>\n<meta name=\"twitter:label1\" content=\"Est. reading time\" \/>\n\t<meta name=\"twitter:data1\" content=\"1 minute\" \/>\n<script type=\"application\/ld+json\" class=\"yoast-schema-graph\">{\"@context\":\"https:\/\/schema.org\",\"@graph\":[{\"@type\":\"WebPage\",\"@id\":\"https:\/\/www.seclab-security.com\/en\/careers-join-seclab\/\",\"url\":\"https:\/\/www.seclab-security.com\/en\/careers-join-seclab\/\",\"name\":\"Seclab: Expert in OT Cybersecurity and Industrial Cyber Resilience\",\"isPartOf\":{\"@id\":\"https:\/\/www.seclab-security.com\/en\/#website\"},\"datePublished\":\"2026-03-16T00:31:20+00:00\",\"dateModified\":\"2026-04-03T13:31:27+00:00\",\"description\":\"OT Cybersecurity: Seclab protects industrial systems and strengthens the cyber resilience of critical infrastructure.\",\"breadcrumb\":{\"@id\":\"https:\/\/www.seclab-security.com\/en\/careers-join-seclab\/#breadcrumb\"},\"inLanguage\":\"en-US\",\"potentialAction\":[{\"@type\":\"ReadAction\",\"target\":[\"https:\/\/www.seclab-security.com\/en\/careers-join-seclab\/\"]}]},{\"@type\":\"BreadcrumbList\",\"@id\":\"https:\/\/www.seclab-security.com\/en\/careers-join-seclab\/#breadcrumb\",\"itemListElement\":[{\"@type\":\"ListItem\",\"position\":1,\"name\":\"Accueil\",\"item\":\"https:\/\/www.seclab-security.com\/en\/\"},{\"@type\":\"ListItem\",\"position\":2,\"name\":\"Careers\"}]},{\"@type\":\"WebSite\",\"@id\":\"https:\/\/www.seclab-security.com\/en\/#website\",\"url\":\"https:\/\/www.seclab-security.com\/en\/\",\"name\":\"Seclab Security\",\"description\":\"\",\"publisher\":{\"@id\":\"https:\/\/www.seclab-security.com\/en\/#organization\"},\"potentialAction\":[{\"@type\":\"SearchAction\",\"target\":{\"@type\":\"EntryPoint\",\"urlTemplate\":\"https:\/\/www.seclab-security.com\/en\/?s={search_term_string}\"},\"query-input\":{\"@type\":\"PropertyValueSpecification\",\"valueRequired\":true,\"valueName\":\"search_term_string\"}}],\"inLanguage\":\"en-US\"},{\"@type\":\"Organization\",\"@id\":\"https:\/\/www.seclab-security.com\/en\/#organization\",\"name\":\"Seclab Security\",\"url\":\"https:\/\/www.seclab-security.com\/en\/\",\"logo\":{\"@type\":\"ImageObject\",\"inLanguage\":\"en-US\",\"@id\":\"https:\/\/www.seclab-security.com\/en\/#\/schema\/logo\/image\/\",\"url\":\"https:\/\/www.seclab-security.com\/wp-content\/uploads\/2026\/03\/LOGO-SECLAB-BLACK-1-e1772644859613.png\",\"contentUrl\":\"https:\/\/www.seclab-security.com\/wp-content\/uploads\/2026\/03\/LOGO-SECLAB-BLACK-1-e1772644859613.png\",\"width\":250,\"height\":46,\"caption\":\"Seclab Security\"},\"image\":{\"@id\":\"https:\/\/www.seclab-security.com\/en\/#\/schema\/logo\/image\/\"}}]}<\/script>\n<!-- \/ Yoast SEO plugin. -->","yoast_head_json":{"title":"Seclab: Expert in OT Cybersecurity and Industrial Cyber Resilience","description":"OT Cybersecurity: Seclab protects industrial systems and strengthens the cyber resilience of critical infrastructure.","robots":{"index":"index","follow":"follow","max-snippet":"max-snippet:-1","max-image-preview":"max-image-preview:large","max-video-preview":"max-video-preview:-1"},"canonical":"https:\/\/www.seclab-security.com\/en\/careers-join-seclab\/","og_locale":"en_US","og_type":"article","og_title":"Seclab: Expert in OT Cybersecurity and Industrial Cyber Resilience","og_description":"OT Cybersecurity: Seclab protects industrial systems and strengthens the cyber resilience of critical infrastructure.","og_url":"https:\/\/www.seclab-security.com\/en\/careers-join-seclab\/","og_site_name":"Seclab Security","article_modified_time":"2026-04-03T13:31:27+00:00","twitter_card":"summary_large_image","twitter_misc":{"Est. reading time":"1 minute"},"schema":{"@context":"https:\/\/schema.org","@graph":[{"@type":"WebPage","@id":"https:\/\/www.seclab-security.com\/en\/careers-join-seclab\/","url":"https:\/\/www.seclab-security.com\/en\/careers-join-seclab\/","name":"Seclab: Expert in OT Cybersecurity and Industrial Cyber Resilience","isPartOf":{"@id":"https:\/\/www.seclab-security.com\/en\/#website"},"datePublished":"2026-03-16T00:31:20+00:00","dateModified":"2026-04-03T13:31:27+00:00","description":"OT Cybersecurity: Seclab protects industrial systems and strengthens the cyber resilience of critical infrastructure.","breadcrumb":{"@id":"https:\/\/www.seclab-security.com\/en\/careers-join-seclab\/#breadcrumb"},"inLanguage":"en-US","potentialAction":[{"@type":"ReadAction","target":["https:\/\/www.seclab-security.com\/en\/careers-join-seclab\/"]}]},{"@type":"BreadcrumbList","@id":"https:\/\/www.seclab-security.com\/en\/careers-join-seclab\/#breadcrumb","itemListElement":[{"@type":"ListItem","position":1,"name":"Accueil","item":"https:\/\/www.seclab-security.com\/en\/"},{"@type":"ListItem","position":2,"name":"Careers"}]},{"@type":"WebSite","@id":"https:\/\/www.seclab-security.com\/en\/#website","url":"https:\/\/www.seclab-security.com\/en\/","name":"Seclab Security","description":"","publisher":{"@id":"https:\/\/www.seclab-security.com\/en\/#organization"},"potentialAction":[{"@type":"SearchAction","target":{"@type":"EntryPoint","urlTemplate":"https:\/\/www.seclab-security.com\/en\/?s={search_term_string}"},"query-input":{"@type":"PropertyValueSpecification","valueRequired":true,"valueName":"search_term_string"}}],"inLanguage":"en-US"},{"@type":"Organization","@id":"https:\/\/www.seclab-security.com\/en\/#organization","name":"Seclab Security","url":"https:\/\/www.seclab-security.com\/en\/","logo":{"@type":"ImageObject","inLanguage":"en-US","@id":"https:\/\/www.seclab-security.com\/en\/#\/schema\/logo\/image\/","url":"https:\/\/www.seclab-security.com\/wp-content\/uploads\/2026\/03\/LOGO-SECLAB-BLACK-1-e1772644859613.png","contentUrl":"https:\/\/www.seclab-security.com\/wp-content\/uploads\/2026\/03\/LOGO-SECLAB-BLACK-1-e1772644859613.png","width":250,"height":46,"caption":"Seclab Security"},"image":{"@id":"https:\/\/www.seclab-security.com\/en\/#\/schema\/logo\/image\/"}}]}},"_links":{"self":[{"href":"https:\/\/www.seclab-security.com\/en\/wp-json\/wp\/v2\/pages\/3436","targetHints":{"allow":["GET"]}}],"collection":[{"href":"https:\/\/www.seclab-security.com\/en\/wp-json\/wp\/v2\/pages"}],"about":[{"href":"https:\/\/www.seclab-security.com\/en\/wp-json\/wp\/v2\/types\/page"}],"author":[{"embeddable":true,"href":"https:\/\/www.seclab-security.com\/en\/wp-json\/wp\/v2\/users\/4"}],"replies":[{"embeddable":true,"href":"https:\/\/www.seclab-security.com\/en\/wp-json\/wp\/v2\/comments?post=3436"}],"version-history":[{"count":4,"href":"https:\/\/www.seclab-security.com\/en\/wp-json\/wp\/v2\/pages\/3436\/revisions"}],"predecessor-version":[{"id":3733,"href":"https:\/\/www.seclab-security.com\/en\/wp-json\/wp\/v2\/pages\/3436\/revisions\/3733"}],"wp:attachment":[{"href":"https:\/\/www.seclab-security.com\/en\/wp-json\/wp\/v2\/media?parent=3436"}],"curies":[{"name":"wp","href":"https:\/\/api.w.org\/{rel}","templated":true}]}}